{"id":17,"date":"2018-12-20T21:39:49","date_gmt":"2018-12-20T20:39:49","guid":{"rendered":"http:\/\/iris.online.fr\/?page_id=17"},"modified":"2018-12-20T21:39:49","modified_gmt":"2018-12-20T20:39:49","slug":"bienvenue-dans-le-monde-de-la-mao","status":"publish","type":"page","link":"http:\/\/iris.online.fr\/","title":{"rendered":"Bienvenue dans le monde de la MAO"},"content":{"rendered":"\n<p>IRIS est une association sur Marseille, qui aide b\u00e9n\u00e9volement les compositeurs \u00e0 d\u00e9couvrir l\u2019outil informatique.<\/p>\n\n\n\n<p><br>Cette approche\u00a0<strong>m\u00ealant l\u2019informatique \u00e0 la musique<\/strong>\u00a0porte un nom facile \u00e0 retenir tant il est c\u00e9l\u00e8bre : la MAO (Musique Assist\u00e9e par Ordinateur).<\/p>\n\n\n\n<h2 class=\"wp-block-heading\">MAO<\/h2>\n\n\n\n<p>Nous disposons d\u2019un\u00a0v\u00e9ritable studio d\u2019enregistrement num\u00e9rique\u00a0d\u00e9coup\u00e9 en deux parties :<\/p>\n\n\n\n<ul><li>la partie \u00ab&nbsp;mobile&nbsp;\u00bb permettant de mani\u00e8re autonome de\nse d\u00e9placer dans de petites salles (voire plus\u2026) en ayant le minimum pour\ntravailler et restituer votre \u00ab&nbsp;son&nbsp;\u00bb via quelques processeurs\nd\u2019effets vocaux et instrumentaux, un ampli de puissance, un clavier maitre\ncompos\u00e9 d\u2019un puissant synth\u00e9tiseur, d\u2019un micro de sc\u00e8ne et enfin d\u2019une\ninterface num\u00e9rique li\u00e9e \u00e0 un puissant ordinateur portable sous Windows 10 Pro.<\/li><li>une partie \u00ab&nbsp;statique&nbsp;\u00bb compos\u00e9e des \u00e9l\u00e9ments mobiles\n(voir au dessus) reli\u00e9s \u00e0 une console de mixage analogique 32 pistes, de\nprocesseurs d\u2019effets suppl\u00e9mentaires, d\u2019un micro \u00e9lectrostatique de studio et de\ndivers synth\u00e9tiseurs num\u00e9riques en \u00ab&nbsp;version rack&nbsp;\u00bb.<\/li><\/ul>\n\n\n\n<h3 class=\"wp-block-heading\"><strong>Reaper<\/strong><\/h3>\n\n\n\n<p>Votre\napprentissage de la MAO se fait via le logiciel&nbsp;<a href=\"https:\/\/www.reaper.fm\/\" target=\"_blank\" rel=\"noreferrer noopener\">REAPER&nbsp;<\/a>qui a l\u2019avantage d\u2019\u00eatre gratuit et pleinement fonctionnel m\u00eame\nen mode \u00ab&nbsp;essai&nbsp;\u00bb. Il devient payant pour une somme d\u00e9risoire de 60$\nsi votre utilisation est autre que \u00ab&nbsp;personnelle&nbsp;\u00bb.<\/p>\n\n\n\n<p>De plus Reaper est utilisable que vous ayez un PC sous Windows\nou sur MacOsX, voire Linux via Wine.<\/p>\n\n\n\n<p>Vous\npouvez nous contacter via courriel, via&nbsp;<a href=\"https:\/\/myspace.com\/dedzep_\/music\/songs\" target=\"_blank\" rel=\"noreferrer noopener\">myspace<\/a>&nbsp;pour\ntoute demande de d\u00e9monstration.<\/p>\n\n\n\n<h2 class=\"wp-block-heading\">VAO<\/h2>\n\n\n\n<p>Le\nmontage vid\u00e9o n&rsquo;est pas oubli\u00e9 pour autant.<\/p>\n\n\n\n<p>Nous travaillons avec Premiere Pro CC, un logiciel de montage vid\u00e9o de r\u00e9f\u00e9rence pour le cin\u00e9ma, la t\u00e9l\u00e9vision et le web.<br> <br><br><\/p>\n\n\n\n<h2 class=\"wp-block-heading\"> <br> Photoshop <\/h2>\n\n\n\n<p>Ayant travaill\u00e9 dans le monde de la Mode et de la Musique, notre approche de la photographie argentique, puis num\u00e9rique est patente.<\/p>\n\n\n\n<p>Nous\ncroyons \u00e0 la v\u00e9rit\u00e9 de \u00ab\u00a0l&rsquo;\u0153il du photographe\u00a0\u00bb permettant une approche\ninstinctive de l&rsquo;image \u00e0 \u00ab\u00a0mettre en boite\u00a0\u00bb.<\/p>\n\n\n\n<p>Photoshop\nest un outil de maquettage photographique permettant de sublimer vos prises de\nvues ou de cr\u00e9er de v\u00e9ritables \u0153uvres visuelles.<\/p>\n","protected":false},"excerpt":{"rendered":"<p>IRIS est une association sur Marseille, qui aide b\u00e9n\u00e9volement les compositeurs \u00e0 d\u00e9couvrir l\u2019outil informatique. Cette approche\u00a0m\u00ealant l\u2019informatique \u00e0 la musique\u00a0porte un nom facile \u00e0 retenir tant il est c\u00e9l\u00e8bre : la MAO (Musique Assist\u00e9e par Ordinateur). MAO Nous disposons &hellip; <a href=\"http:\/\/iris.online.fr\/\">Continuer la lecture <span class=\"meta-nav\">&rarr;<\/span><\/a><\/p>\n","protected":false},"author":1,"featured_media":0,"parent":0,"menu_order":0,"comment_status":"closed","ping_status":"closed","template":"","meta":[],"_links":{"self":[{"href":"http:\/\/iris.online.fr\/index.php?rest_route=\/wp\/v2\/pages\/17"}],"collection":[{"href":"http:\/\/iris.online.fr\/index.php?rest_route=\/wp\/v2\/pages"}],"about":[{"href":"http:\/\/iris.online.fr\/index.php?rest_route=\/wp\/v2\/types\/page"}],"author":[{"embeddable":true,"href":"http:\/\/iris.online.fr\/index.php?rest_route=\/wp\/v2\/users\/1"}],"replies":[{"embeddable":true,"href":"http:\/\/iris.online.fr\/index.php?rest_route=%2Fwp%2Fv2%2Fcomments&post=17"}],"version-history":[{"count":1,"href":"http:\/\/iris.online.fr\/index.php?rest_route=\/wp\/v2\/pages\/17\/revisions"}],"predecessor-version":[{"id":18,"href":"http:\/\/iris.online.fr\/index.php?rest_route=\/wp\/v2\/pages\/17\/revisions\/18"}],"wp:attachment":[{"href":"http:\/\/iris.online.fr\/index.php?rest_route=%2Fwp%2Fv2%2Fmedia&parent=17"}],"curies":[{"name":"wp","href":"https:\/\/api.w.org\/{rel}","templated":true}]}}